{"id":77,"date":"2024-01-23T14:55:08","date_gmt":"2024-01-23T13:55:08","guid":{"rendered":"http:\/\/hosjstf.dk\/?page_id=77"},"modified":"2024-03-10T12:56:43","modified_gmt":"2024-03-10T11:56:43","slug":"frivillig","status":"publish","type":"page","link":"https:\/\/hosjstf.dk\/index.php\/frivillig\/","title":{"rendered":"Frivillig"},"content":{"rendered":"\n\n\t<h1><b><strong>Hospice Sj\u00e6lland St\u00f8tteforening<\/strong><\/b><\/h1>\n<h4><b><strong>&#8211; g\u00f8r en forskel<\/strong><\/b><\/h4>\n\t<h1><strong>Bliv frivillig og g\u00f8r en forskel<\/strong><\/h1>\n\t<p>En frivillig p\u00e5 Hospice Sj\u00e6lland er \u00e9n der fx :<\/p>\n<ul>\n<li>Har overskud og lyst til at v\u00e6re noget for andre<\/li>\n<li>Har empati for andres livssituation og kan m\u00f8de mennesker der, hvor de er i deres liv\u00a0<\/li>\n<li>Har evnen til skabe gl\u00e6de, n\u00e6rv\u00e6r, ro og frirum midt i al det triste<\/li>\n<li>Kan se det hele menneske og ikke kun det syge<\/li>\n<li>Kan skabe gode samtaler om patientens livshistorie<\/li>\n<li>Har et afklaret forhold til d\u00f8den<\/li>\n<li>Kan rumme patienten og de p\u00e5r\u00f8rende ved omsorg og n\u00e6rv\u00e6r<\/li>\n<\/ul>\n<p>&nbsp;<\/p>\n<p>&nbsp;<\/p>\n<p>Kontakten til og med de frivillige varetages af ledelsen og frivilligkoordinatoren. De frivillige modtager en grundig instruktion i opgaverne, og der holdes relevante kurser samt supervision efter behov. Dette sikrer, at de frivillige er i stand til at varetage opgaverne bedst muligt.<\/p>\n<p>Er du interesseret, er du velkommen til at kontakte Vibeke Steen Lund p\u00e5 tlf. 46 76 29 29 eller pr. mail til vslu@hosj.dk<\/p>\n<p>&nbsp;<\/p>\n<strong>Se ogs\u00e5:<\/strong><br \/>\n<a href=\"https:\/\/hospice-sjaelland.dk\/bliv-frivillig.aspx\" target=\"_blank\" rel=\"noopener\">www.hospice-sjaelland.dk\/bliv-frivillig<\/a>\n<h2>\n\t\tKontakt os \n\t<\/h2>\n\t<p>Hvis du har nogle sp\u00f8rgsm\u00e5l eller tanker, er du meget velkommen til at kontakte os p\u00e5 formularen herunder.<\/p>\n\n","protected":false},"excerpt":{"rendered":"<p>Hospice Sj\u00e6lland St\u00f8tteforening &#8211; g\u00f8r en forskel Bliv frivillig og g\u00f8r en forskel En frivillig p\u00e5 Hospice Sj\u00e6lland er \u00e9n der fx : Har overskud og lyst til at v\u00e6re noget for andre Har empati for andres livssituation og kan m\u00f8de mennesker der, hvor de er i deres liv\u00a0 Har evnen til skabe gl\u00e6de, n\u00e6rv\u00e6r,&hellip;<\/p>\n","protected":false},"author":1,"featured_media":0,"parent":0,"menu_order":0,"comment_status":"closed","ping_status":"closed","template":"","meta":{"footnotes":""},"class_list":["post-77","page","type-page","status-publish","hentry"],"_links":{"self":[{"href":"https:\/\/hosjstf.dk\/index.php\/wp-json\/wp\/v2\/pages\/77","targetHints":{"allow":["GET"]}}],"collection":[{"href":"https:\/\/hosjstf.dk\/index.php\/wp-json\/wp\/v2\/pages"}],"about":[{"href":"https:\/\/hosjstf.dk\/index.php\/wp-json\/wp\/v2\/types\/page"}],"author":[{"embeddable":true,"href":"https:\/\/hosjstf.dk\/index.php\/wp-json\/wp\/v2\/users\/1"}],"replies":[{"embeddable":true,"href":"https:\/\/hosjstf.dk\/index.php\/wp-json\/wp\/v2\/comments?post=77"}],"version-history":[{"count":20,"href":"https:\/\/hosjstf.dk\/index.php\/wp-json\/wp\/v2\/pages\/77\/revisions"}],"predecessor-version":[{"id":505,"href":"https:\/\/hosjstf.dk\/index.php\/wp-json\/wp\/v2\/pages\/77\/revisions\/505"}],"wp:attachment":[{"href":"https:\/\/hosjstf.dk\/index.php\/wp-json\/wp\/v2\/media?parent=77"}],"curies":[{"name":"wp","href":"https:\/\/api.w.org\/{rel}","templated":true}]}}