{"id":252,"date":"2024-02-13T19:12:37","date_gmt":"2024-02-13T18:12:37","guid":{"rendered":"https:\/\/hosjstf.dk\/?page_id=252"},"modified":"2024-05-23T17:37:17","modified_gmt":"2024-05-23T15:37:17","slug":"historie","status":"publish","type":"page","link":"https:\/\/hosjstf.dk\/index.php\/historie\/","title":{"rendered":"Historie"},"content":{"rendered":"\n\n\t<h1><b><strong>Hospice Sj\u00e6lland St\u00f8tteforening<\/strong><\/b><\/h1>\n<h4><b><strong>&#8211; g\u00f8r en forskel<\/strong><\/b><\/h4>\n\t<h1><strong>Historie<\/strong><\/h1>\n\t<p>I store tr\u00e6k er historien om Hospice Sj\u00e6lland, at St\u00f8tteforeningen blev dannet i 2002 og banede vejen for etableringen af Hospice Sj\u00e6lland. Herunder er et par milep\u00e6le.<\/p>\n5. marts 2002<br \/>\nHospice Sj\u00e6lland St\u00f8tteforening stiftes med form\u00e5let om at oprette et hospice i det dav\u00e6rende Roskilde Amt\n1. december 2003<br \/>\nDen selvejende institution Hospice Sj\u00e6lland stiftes med det form\u00e5l at opf\u00f8re og drive Hospice Sj\u00e6lland\n18. februar 2005<br \/>\nDet f\u00f8rste spadestik tages p\u00e5 grunden i Trekroner\n12. juni 2006<br \/>\nHospice Sj\u00e6lland indvies med plads til 12 patienter\n19. juni 2006<br \/>\nDen f\u00f8rste patient flytter ind\n24. februar 2014<br \/>\nDen nye tilbygning indvies, s\u00e5 der nu er plads til 16 patienter\n<p>&nbsp;<\/p>\n<p>L\u00e6s mere her <a href=\"https:\/\/hospice-sjaelland.dk\/om-hospice-sjaelland\/historien.aspx\" target=\"_blank\" rel=\"noopener\">https:\/\/hospice-sjaelland.dk\/om-hospice-sjaelland\/historien.aspx<\/a><\/p>\n<p>&nbsp;<\/p>\n<p>&nbsp;<\/p>\n<h2>\n\t\tKontakt os \n\t<\/h2>\n\t<p>Hvis du har nogle sp\u00f8rgsm\u00e5l eller tanker, er du meget velkommen til at kontakte os p\u00e5 formularen herunder.<\/p>\n\n","protected":false},"excerpt":{"rendered":"<p>Hospice Sj\u00e6lland St\u00f8tteforening &#8211; g\u00f8r en forskel Historie I store tr\u00e6k er historien om Hospice Sj\u00e6lland, at St\u00f8tteforeningen blev dannet i 2002 og banede vejen for etableringen af Hospice Sj\u00e6lland. Herunder er et par milep\u00e6le. 5. marts 2002 Hospice Sj\u00e6lland St\u00f8tteforening stiftes med form\u00e5let om at oprette et hospice i det dav\u00e6rende Roskilde Amt 1.&hellip;<\/p>\n","protected":false},"author":1,"featured_media":0,"parent":0,"menu_order":0,"comment_status":"closed","ping_status":"closed","template":"","meta":{"footnotes":""},"class_list":["post-252","page","type-page","status-publish","hentry"],"_links":{"self":[{"href":"https:\/\/hosjstf.dk\/index.php\/wp-json\/wp\/v2\/pages\/252","targetHints":{"allow":["GET"]}}],"collection":[{"href":"https:\/\/hosjstf.dk\/index.php\/wp-json\/wp\/v2\/pages"}],"about":[{"href":"https:\/\/hosjstf.dk\/index.php\/wp-json\/wp\/v2\/types\/page"}],"author":[{"embeddable":true,"href":"https:\/\/hosjstf.dk\/index.php\/wp-json\/wp\/v2\/users\/1"}],"replies":[{"embeddable":true,"href":"https:\/\/hosjstf.dk\/index.php\/wp-json\/wp\/v2\/comments?post=252"}],"version-history":[{"count":20,"href":"https:\/\/hosjstf.dk\/index.php\/wp-json\/wp\/v2\/pages\/252\/revisions"}],"predecessor-version":[{"id":565,"href":"https:\/\/hosjstf.dk\/index.php\/wp-json\/wp\/v2\/pages\/252\/revisions\/565"}],"wp:attachment":[{"href":"https:\/\/hosjstf.dk\/index.php\/wp-json\/wp\/v2\/media?parent=252"}],"curies":[{"name":"wp","href":"https:\/\/api.w.org\/{rel}","templated":true}]}}