{"id":116,"date":"2024-01-23T15:46:26","date_gmt":"2024-01-23T14:46:26","guid":{"rendered":"http:\/\/hosjstf.dk\/?page_id=116"},"modified":"2024-03-10T13:27:10","modified_gmt":"2024-03-10T12:27:10","slug":"indmeldelsesblanket","status":"publish","type":"page","link":"https:\/\/hosjstf.dk\/index.php\/indmeldelsesblanket\/","title":{"rendered":"Indmeldelsesblanket"},"content":{"rendered":"\n\n\t<h1><b><strong>Hospice Sj\u00e6lland St\u00f8tteforening<\/strong><\/b><\/h1>\n<h4><b><strong>&#8211; g\u00f8r en forskel<\/strong><\/b><\/h4>\n\t<h1>Indmeldelsesblanket<\/h1>\n\t\n<div class=\"wpcf7 no-js\" id=\"wpcf7-f143-o1\" lang=\"da-DK\" dir=\"ltr\" data-wpcf7-id=\"143\">\n<div class=\"screen-reader-response\"><p role=\"status\" aria-live=\"polite\" aria-atomic=\"true\"><\/p> <ul><\/ul><\/div>\n<form action=\"\/index.php\/wp-json\/wp\/v2\/pages\/116#wpcf7-f143-o1\" method=\"post\" class=\"wpcf7-form init\" aria-label=\"Kontaktformular\" novalidate=\"novalidate\" data-status=\"init\">\n<fieldset class=\"hidden-fields-container\"><input type=\"hidden\" name=\"_wpcf7\" value=\"143\" \/><input type=\"hidden\" name=\"_wpcf7_version\" value=\"6.1.1\" \/><input type=\"hidden\" name=\"_wpcf7_locale\" value=\"da_DK\" \/><input type=\"hidden\" name=\"_wpcf7_unit_tag\" value=\"wpcf7-f143-o1\" \/><input type=\"hidden\" name=\"_wpcf7_container_post\" value=\"0\" \/><input type=\"hidden\" name=\"_wpcf7_posted_data_hash\" value=\"\" \/>\n<\/fieldset>\n<p>Navn ( P\u00e5kr\u00e6vet )<br \/>\n<span class=\"wpcf7-form-control-wrap\" data-name=\"Ditnavn\"><input size=\"40\" maxlength=\"400\" class=\"wpcf7-form-control wpcf7-text wpcf7-validates-as-required\" aria-required=\"true\" aria-invalid=\"false\" value=\"\" type=\"text\" name=\"Ditnavn\" \/><\/span>\n<\/p>\n<p>Adresse ( P\u00e5kr\u00e6vet )<br \/>\n<span class=\"wpcf7-form-control-wrap\" data-name=\"Adresse\"><input size=\"40\" maxlength=\"400\" class=\"wpcf7-form-control wpcf7-text wpcf7-validates-as-required\" aria-required=\"true\" aria-invalid=\"false\" value=\"\" type=\"text\" name=\"Adresse\" \/><\/span>\n<\/p>\n<p>Postnummer og by ( P\u00e5kr\u00e6vet )<br \/>\n<span class=\"wpcf7-form-control-wrap\" data-name=\"Postnummerogby\"><input size=\"40\" maxlength=\"400\" class=\"wpcf7-form-control wpcf7-text wpcf7-validates-as-required\" aria-required=\"true\" aria-invalid=\"false\" value=\"\" type=\"text\" name=\"Postnummerogby\" \/><\/span>\n<\/p>\n<p>Din e-mail ( P\u00e5kr\u00e6vet )<br \/>\n<span class=\"wpcf7-form-control-wrap\" data-name=\"your-email\"><input size=\"40\" maxlength=\"400\" class=\"wpcf7-form-control wpcf7-email wpcf7-validates-as-required wpcf7-text wpcf7-validates-as-email\" autocomplete=\"email\" aria-required=\"true\" aria-invalid=\"false\" value=\"\" type=\"email\" name=\"your-email\" \/><\/span>\n<\/p>\n<p>Telefon ( P\u00e5kr\u00e6vet )<br \/>\n<span class=\"wpcf7-form-control-wrap\" data-name=\"tel-890\"><input size=\"40\" maxlength=\"400\" class=\"wpcf7-form-control wpcf7-tel wpcf7-validates-as-required wpcf7-text wpcf7-validates-as-tel\" aria-required=\"true\" aria-invalid=\"false\" value=\"\" type=\"tel\" name=\"tel-890\" \/><\/span>\n<\/p>\n<p>Medlemskab ( P\u00e5kr\u00e6vet )<br \/>\n<span class=\"wpcf7-form-control-wrap\" data-name=\"Medlemskab\"><span class=\"wpcf7-form-control wpcf7-checkbox wpcf7-validates-as-required\"><span class=\"wpcf7-list-item first\"><label><input type=\"checkbox\" name=\"Medlemskab[]\" value=\"Enkelt Medlemskab (150 kr \u00e5rligt)\" \/><span class=\"wpcf7-list-item-label\">Enkelt Medlemskab (150 kr \u00e5rligt)<\/span><\/label><\/span><span class=\"wpcf7-list-item last\"><label><input type=\"checkbox\" name=\"Medlemskab[]\" value=\"Dobbelt Medlemskab (300 kr \u00e5rligt)\" \/><span class=\"wpcf7-list-item-label\">Dobbelt Medlemskab (300 kr \u00e5rligt)<\/span><\/label><\/span><\/span><\/span>\n<\/p>\n<p>Evt. Navn p\u00e5 ekstra Medlem. ( Valgfrit )<br \/>\n<span class=\"wpcf7-form-control-wrap\" data-name=\"text-929\"><input size=\"40\" maxlength=\"400\" class=\"wpcf7-form-control wpcf7-text\" aria-invalid=\"false\" placeholder=\"Navn p\u00e5 ekstra medlem\" value=\"\" type=\"text\" name=\"text-929\" \/><\/span>\n<\/p>\n<p>Besked ( Valgfrit )<br \/>\n<span class=\"wpcf7-form-control-wrap\" data-name=\"your-message\"><textarea cols=\"40\" rows=\"10\" maxlength=\"2000\" class=\"wpcf7-form-control wpcf7-textarea\" aria-invalid=\"false\" name=\"your-message\"><\/textarea><\/span>\n<\/p>\n<p><input class=\"wpcf7-form-control wpcf7-submit has-spinner\" type=\"submit\" value=\"Send\" \/>\n<\/p><div class=\"wpcf7-response-output\" aria-hidden=\"true\"><\/div>\n<\/form>\n<\/div>\n\n\n","protected":false},"excerpt":{"rendered":"<p>Hospice Sj\u00e6lland St\u00f8tteforening &#8211; g\u00f8r en forskel Indmeldelsesblanket<\/p>\n","protected":false},"author":1,"featured_media":0,"parent":0,"menu_order":0,"comment_status":"closed","ping_status":"closed","template":"","meta":{"footnotes":""},"class_list":["post-116","page","type-page","status-publish","hentry"],"_links":{"self":[{"href":"https:\/\/hosjstf.dk\/index.php\/wp-json\/wp\/v2\/pages\/116","targetHints":{"allow":["GET"]}}],"collection":[{"href":"https:\/\/hosjstf.dk\/index.php\/wp-json\/wp\/v2\/pages"}],"about":[{"href":"https:\/\/hosjstf.dk\/index.php\/wp-json\/wp\/v2\/types\/page"}],"author":[{"embeddable":true,"href":"https:\/\/hosjstf.dk\/index.php\/wp-json\/wp\/v2\/users\/1"}],"replies":[{"embeddable":true,"href":"https:\/\/hosjstf.dk\/index.php\/wp-json\/wp\/v2\/comments?post=116"}],"version-history":[{"count":17,"href":"https:\/\/hosjstf.dk\/index.php\/wp-json\/wp\/v2\/pages\/116\/revisions"}],"predecessor-version":[{"id":522,"href":"https:\/\/hosjstf.dk\/index.php\/wp-json\/wp\/v2\/pages\/116\/revisions\/522"}],"wp:attachment":[{"href":"https:\/\/hosjstf.dk\/index.php\/wp-json\/wp\/v2\/media?parent=116"}],"curies":[{"name":"wp","href":"https:\/\/api.w.org\/{rel}","templated":true}]}}