{"id":112,"date":"2024-01-23T15:45:27","date_gmt":"2024-01-23T14:45:27","guid":{"rendered":"http:\/\/hosjstf.dk\/?page_id=112"},"modified":"2026-01-06T14:20:15","modified_gmt":"2026-01-06T13:20:15","slug":"kontakt-os","status":"publish","type":"page","link":"https:\/\/hosjstf.dk\/index.php\/kontakt-os\/","title":{"rendered":"Kontakt os"},"content":{"rendered":"\n\n\t<h1><b><strong>Hospice Sj\u00e6lland St\u00f8tteforening<\/strong><\/b><\/h1>\n<h4><b><strong>&#8211; g\u00f8r en forskel<\/strong><\/b><\/h4>\n\t<h1><strong>Bliv medlem af St\u00f8tteforeningen<\/strong><br \/>\n&#8211; og st\u00f8t et godt form\u00e5l!<\/h1>\n\t<p><strong>Udfyld indmeldelsesblanketten her\u00a0<\/strong>(Bliv medlem-knappen til h\u00f8jre)<\/p>\nKontingent for \u00e5ret 2026:<br \/>\n150,- kr. for enlige<br \/>\n300,- kr. for \u00e6gtef\u00e6ller\/samboende<br \/>\n1.500,- kr. for virksomheder<br \/>\n<br \/>\n<b>Foreningen sender en opkr\u00e6vning p\u00e5 f\u00f8rste kontingent ved indmeldesen.<br \/>\nEfterf\u00f8lgende kontingenter opkr\u00e6ves i januar m\u00e5ned.\u00a0<\/b>\n<h2  id=\"general\">\n\t\t\tKontakt os \t<\/h2>\n\t<p><strong>Hvis du har sp\u00f8rgsm\u00e5l eller tanker, er du meget velkommen til at kontakte os p\u00e5 vores mail <a href=\"mailto:formand@hosjstf.dk\">formand@hosjstf.dk<\/a> . Du vil herefter h\u00f8re fra os hurtigst muligt.<\/strong><\/p>\n\n","protected":false},"excerpt":{"rendered":"<p>Hospice Sj\u00e6lland St\u00f8tteforening &#8211; g\u00f8r en forskel Bliv medlem af St\u00f8tteforeningen &#8211; og st\u00f8t et godt form\u00e5l! Udfyld indmeldelsesblanketten her\u00a0(Bliv medlem-knappen til h\u00f8jre) Kontingent for \u00e5ret 2026: 150,- kr. for enlige 300,- kr. for \u00e6gtef\u00e6ller\/samboende 1.500,- kr. for virksomheder Foreningen sender en opkr\u00e6vning p\u00e5 f\u00f8rste kontingent ved indmeldesen. Efterf\u00f8lgende kontingenter opkr\u00e6ves i januar m\u00e5ned.\u00a0 Kontakt&hellip;<\/p>\n","protected":false},"author":1,"featured_media":0,"parent":0,"menu_order":0,"comment_status":"closed","ping_status":"closed","template":"","meta":{"footnotes":""},"class_list":["post-112","page","type-page","status-publish","hentry"],"_links":{"self":[{"href":"https:\/\/hosjstf.dk\/index.php\/wp-json\/wp\/v2\/pages\/112","targetHints":{"allow":["GET"]}}],"collection":[{"href":"https:\/\/hosjstf.dk\/index.php\/wp-json\/wp\/v2\/pages"}],"about":[{"href":"https:\/\/hosjstf.dk\/index.php\/wp-json\/wp\/v2\/types\/page"}],"author":[{"embeddable":true,"href":"https:\/\/hosjstf.dk\/index.php\/wp-json\/wp\/v2\/users\/1"}],"replies":[{"embeddable":true,"href":"https:\/\/hosjstf.dk\/index.php\/wp-json\/wp\/v2\/comments?post=112"}],"version-history":[{"count":21,"href":"https:\/\/hosjstf.dk\/index.php\/wp-json\/wp\/v2\/pages\/112\/revisions"}],"predecessor-version":[{"id":741,"href":"https:\/\/hosjstf.dk\/index.php\/wp-json\/wp\/v2\/pages\/112\/revisions\/741"}],"wp:attachment":[{"href":"https:\/\/hosjstf.dk\/index.php\/wp-json\/wp\/v2\/media?parent=112"}],"curies":[{"name":"wp","href":"https:\/\/api.w.org\/{rel}","templated":true}]}}