{"id":10,"date":"2024-01-16T12:05:36","date_gmt":"2024-01-16T11:05:36","guid":{"rendered":"http:\/\/hosjstf.dk\/?page_id=10"},"modified":"2024-03-17T18:34:26","modified_gmt":"2024-03-17T17:34:26","slug":"forside","status":"publish","type":"page","link":"https:\/\/hosjstf.dk\/","title":{"rendered":"Forside"},"content":{"rendered":"\n\n\t<h1><b><strong>Hospice Sj\u00e6lland St\u00f8tteforening<\/strong><\/b><\/h1>\n<h4><b><strong>&#8211; g\u00f8r en forskel<\/strong><\/b><\/h4>\n\t<h1><strong>Velkommen til Hospice Sj\u00e6lland St\u00f8tteforening<\/strong><\/h1>\n<p><strong>Foreningens form\u00e5l er:<\/strong><\/p>\n<ul>\n<li>At formidle kendskabet til hospicetanken generelt og specielt til Hospice Sj\u00e6lland<\/li>\n<li>At yde \u00f8konomisk st\u00f8tte til aktiviteter for patienter og p\u00e5r\u00f8rende p\u00e5 Hospice Sj\u00e6lland<\/li>\n<li>At yde \u00f8konomiske st\u00f8tte til det frivillige arbejde p\u00e5 Hospice Sj\u00e6lland<\/li>\n<li>At yde \u00f8konomisk st\u00f8tte til nye projekter\/anskaffelser p\u00e5 Hospice Sj\u00e6lland.<\/li>\n<\/ul>\n<p>St\u00f8tteforeningen g\u00f8r en forskel for patienter og p\u00e5r\u00f8rende under opholdet p\u00e5 Hospice Sj\u00e6lland.<\/p>\nForeningen arrangerer aktiviteter med fx sang og musik, s\u00f8rger for underholdning<br \/>\nved \u00e5rets h\u00f8jtider samt bidrager til udsmykning og anskaffelser.\n<p>&nbsp;<\/p>\n<p><strong>Har du lyst til at v\u00e6re med til at g\u00f8re en forskel, s\u00e5 bliv medlem af St\u00f8tteforeningen.<\/strong><\/p>\n\t<iframe loading=\"lazy\" width=\"760\" height=\"315\" src=\"https:\/\/www.youtube.com\/embed\/Tz2xzaDRiPg?si=ZLHjvpkl_OI1iCdi\" title=\"YouTube video player\" frameborder=\"0\" allow=\"accelerometer; autoplay; clipboard-write; encrypted-media; gyroscope; picture-in-picture; web-share\" allowfullscreen><\/iframe>\n\t<h1><strong>En ny begyndelse<\/strong><\/h1>\nDenne film fort\u00e6ller rigtigt godt,<br \/>\nhvad et Hospice er<br \/>\nog\u00a0hvad det betyder for patienter og p\u00e5r\u00f8rende.\n<h2>\n\t\tKontakt os \n\t<\/h2>\n\t<p>Hvis du har nogle sp\u00f8rgsm\u00e5l eller tanker, er du meget velkommen til at kontakte os p\u00e5 formularen herunder.<\/p>\n\n","protected":false},"excerpt":{"rendered":"<p>Hospice Sj\u00e6lland St\u00f8tteforening &#8211; g\u00f8r en forskel Velkommen til Hospice Sj\u00e6lland St\u00f8tteforening Foreningens form\u00e5l er: At formidle kendskabet til hospicetanken generelt og specielt til Hospice Sj\u00e6lland At yde \u00f8konomisk st\u00f8tte til aktiviteter for patienter og p\u00e5r\u00f8rende p\u00e5 Hospice Sj\u00e6lland At yde \u00f8konomiske st\u00f8tte til det frivillige arbejde p\u00e5 Hospice Sj\u00e6lland At yde \u00f8konomisk st\u00f8tte til&hellip;<\/p>\n","protected":false},"author":1,"featured_media":0,"parent":0,"menu_order":0,"comment_status":"closed","ping_status":"closed","template":"","meta":{"footnotes":""},"class_list":["post-10","page","type-page","status-publish","hentry"],"_links":{"self":[{"href":"https:\/\/hosjstf.dk\/index.php\/wp-json\/wp\/v2\/pages\/10","targetHints":{"allow":["GET"]}}],"collection":[{"href":"https:\/\/hosjstf.dk\/index.php\/wp-json\/wp\/v2\/pages"}],"about":[{"href":"https:\/\/hosjstf.dk\/index.php\/wp-json\/wp\/v2\/types\/page"}],"author":[{"embeddable":true,"href":"https:\/\/hosjstf.dk\/index.php\/wp-json\/wp\/v2\/users\/1"}],"replies":[{"embeddable":true,"href":"https:\/\/hosjstf.dk\/index.php\/wp-json\/wp\/v2\/comments?post=10"}],"version-history":[{"count":20,"href":"https:\/\/hosjstf.dk\/index.php\/wp-json\/wp\/v2\/pages\/10\/revisions"}],"predecessor-version":[{"id":443,"href":"https:\/\/hosjstf.dk\/index.php\/wp-json\/wp\/v2\/pages\/10\/revisions\/443"}],"wp:attachment":[{"href":"https:\/\/hosjstf.dk\/index.php\/wp-json\/wp\/v2\/media?parent=10"}],"curies":[{"name":"wp","href":"https:\/\/api.w.org\/{rel}","templated":true}]}}